{"id":15189,"date":"2021-06-23T22:45:07","date_gmt":"2021-06-23T18:45:07","guid":{"rendered":"https:\/\/nexia.technology\/quienes-somos\/"},"modified":"2023-12-28T11:55:08","modified_gmt":"2023-12-28T07:55:08","slug":"quienes-somos","status":"publish","type":"page","link":"https:\/\/nexia.technology\/es\/quienes-somos\/","title":{"rendered":"Qui\u00e9nes somos"},"content":{"rendered":"\t\t<div data-elementor-type=\"wp-page\" data-elementor-id=\"15189\" class=\"elementor elementor-15189\" data-elementor-post-type=\"page\">\n\t\t\t\t\t\t<div class=\"elementor-section elementor-top-section elementor-element elementor-element-bf46086 elementor-section-boxed elementor-section-height-default elementor-section-height-default e-parent\" data-id=\"bf46086\" data-element_type=\"section\" data-settings=\"{&quot;background_background&quot;:&quot;classic&quot;,&quot;background_motion_fx_motion_fx_scrolling&quot;:&quot;yes&quot;,&quot;background_motion_fx_translateY_effect&quot;:&quot;yes&quot;,&quot;background_motion_fx_translateY_speed&quot;:{&quot;unit&quot;:&quot;px&quot;,&quot;size&quot;:4,&quot;sizes&quot;:[]},&quot;background_motion_fx_translateY_affectedRange&quot;:{&quot;unit&quot;:&quot;%&quot;,&quot;size&quot;:&quot;&quot;,&quot;sizes&quot;:{&quot;start&quot;:0,&quot;end&quot;:100}},&quot;background_motion_fx_devices&quot;:[&quot;desktop&quot;,&quot;laptop&quot;,&quot;tablet&quot;,&quot;mobile_extra&quot;,&quot;mobile&quot;]}\">\n\t\t\t\t\t\t<div class=\"elementor-container elementor-column-gap-no\">\n\t\t\t\t\t<div class=\"elementor-column elementor-col-100 elementor-top-column elementor-element elementor-element-93c8e07 lakit-col-width-auto-no\" data-id=\"93c8e07\" data-element_type=\"column\">\n\t\t\t<div class=\"elementor-widget-wrap elementor-element-populated\">\n\t\t\t\t\t\t<div class=\"elementor-element elementor-element-fe1d031 elementor-widget-tablet__width-initial elementor-widget-mobile__width-initial elementor-invisible elementor-widget lastudio-kit elementor-lakit-animated-text\" data-id=\"fe1d031\" data-element_type=\"widget\" data-settings=\"{&quot;_animation&quot;:&quot;fadeInUp&quot;,&quot;_animation_delay&quot;:200}\" data-widget_type=\"lakit-animated-text.default\">\n\t\t\t\t<div class=\"elementor-widget-container\">\n\t\t\t<style>.lakit-animated-text{margin:0}.lat-ef-fx7 .lakit-animated-text__animated-text-item span,.lat-ef-fx8 .lakit-animated-text__animated-text-item span{transform-origin:-200% 50%}.lakit-animated-text__after-text,.lakit-animated-text__before-text{display:inline}.lakit-animated-text__animated-text{color:var(--lakit-primary-color);display:inline;transition:width .3s}.lakit-animated-text__animated-text-item{position:absolute;top:0;left:0;pointer-events:none;visibility:hidden;z-index:1;display:inherit}.lakit-animated-text__animated-text-item.active{position:relative;z-index:2}.lakit-animated-text__animated-text-item.visible{visibility:inherit}.lakit-animated-text__animated-text-item span{display:inline-block}.lat-ef-fx6 .lakit-animated-text__animated-text-item,.lat-ef-fx8 .lakit-animated-text__animated-text-item{perspective:1000px;transform-origin:50% 100%}.lat-ef-fx10 .lakit-animated-text__animated-text-item,.lat-ef-fx9 .lakit-animated-text__animated-text-item{perspective:1000px}.lat-ef-fx9 .lakit-animated-text__animated-text-item span{transform-origin:50% 100%}.lat-ef-fx12 .lakit-animated-text__animated-text-item span{overflow:hidden;transform-origin:0 50%}.lat-ef-fx12 .lakit-animated-text__animated-text-item:after{width:2px;overflow:hidden;display:inline-block;background-color:#000;animation:1s step-end infinite blink;content:\"|\"}@keyframes blink{0%,to{opacity:0}50%{opacity:1}}.lakit-animated-text__after-text,.lakit-animated-text__before-text{position:relative;z-index:3}<\/style><div class=\"lakit-animated-text lat-ef-fx1 lakit-animated-text--symbol\"data-settings=\"{&quot;effect&quot;:&quot;fx1&quot;,&quot;start&quot;:0,&quot;delay&quot;:3000,&quot;loop&quot;:&quot;&quot;}\"><span class=\"lakit-animated-text__before-text\">\n\t<span class=\"lakit-animated-span\">Where<\/span><\/span><span class=\"lakit-animated-text__animated-text\">\n<span class=\"lakit-animated-text__animated-text-item active visible\">\n\t<span><span class=\"lakit-animated-span\">i<\/span><span class=\"lakit-animated-span\">n<\/span><span class=\"lakit-animated-span\">n<\/span><span class=\"lakit-animated-span\">o<\/span><span class=\"lakit-animated-span\">v<\/span><span class=\"lakit-animated-span\">a<\/span><span class=\"lakit-animated-span\">t<\/span><span class=\"lakit-animated-span\">i<\/span><span class=\"lakit-animated-span\">o<\/span><span class=\"lakit-animated-span\">n<\/span><\/span><\/span>\n<span class=\"lakit-animated-text__animated-text-item\">\n\t<span><span class=\"lakit-animated-span\">i<\/span><span class=\"lakit-animated-span\">d<\/span><span class=\"lakit-animated-span\">e<\/span><span class=\"lakit-animated-span\">a<\/span><span class=\"lakit-animated-span\">s<\/span><\/span><\/span>\n<span class=\"lakit-animated-text__animated-text-item\">\n\t<span><span class=\"lakit-animated-span\">p<\/span><span class=\"lakit-animated-span\">a<\/span><span class=\"lakit-animated-span\">s<\/span><span class=\"lakit-animated-span\">s<\/span><span class=\"lakit-animated-span\">i<\/span><span class=\"lakit-animated-span\">o<\/span><span class=\"lakit-animated-span\">n<\/span><\/span><\/span>\n<\/span><span class=\"lakit-animated-text__after-text\">\n\t<span class=\"lakit-animated-span\">meets<\/span><span class=\"lakit-animated-span\">&nbsp;<\/span><span class=\"lakit-animated-span\">technology<\/span><\/span>\n<\/div>\t\t<\/div>\n\t\t\t\t<\/div>\n\t\t\t\t\t<\/div>\n\t\t<\/div>\n\t\t\t\t\t<\/div>\n\t\t<\/div>\n\t\t\t\t<div class=\"elementor-section elementor-top-section elementor-element elementor-element-70a13b4 elementor-section-boxed elementor-section-height-default elementor-section-height-default e-parent\" data-id=\"70a13b4\" data-element_type=\"section\">\n\t\t\t\t\t\t<div class=\"elementor-container elementor-column-gap-no\">\n\t\t\t\t\t<div class=\"elementor-column elementor-col-100 elementor-top-column elementor-element elementor-element-d874eb6 lakit-col-width-auto-no\" data-id=\"d874eb6\" data-element_type=\"column\">\n\t\t\t<div class=\"elementor-widget-wrap elementor-element-populated\">\n\t\t\t\t\t\t<div class=\"elementor-element elementor-element-7acb62f elementor-widget elementor-widget-text-editor\" data-id=\"7acb62f\" data-element_type=\"widget\" data-widget_type=\"text-editor.default\">\n\t\t\t\t<div class=\"elementor-widget-container\">\n\t\t\t<style>\/*! elementor - v3.21.0 - 08-05-2024 *\/\n.elementor-widget-text-editor.elementor-drop-cap-view-stacked .elementor-drop-cap{background-color:#69727d;color:#fff}.elementor-widget-text-editor.elementor-drop-cap-view-framed .elementor-drop-cap{color:#69727d;border:3px solid;background-color:transparent}.elementor-widget-text-editor:not(.elementor-drop-cap-view-default) .elementor-drop-cap{margin-top:8px}.elementor-widget-text-editor:not(.elementor-drop-cap-view-default) .elementor-drop-cap-letter{width:1em;height:1em}.elementor-widget-text-editor .elementor-drop-cap{float:left;text-align:center;line-height:1;font-size:50px}.elementor-widget-text-editor .elementor-drop-cap-letter{display:inline-block}<\/style>\t\t\t\t<p><i><\/i><b><i> &#8220;Nexia Technology&#8221;<\/i><\/b> is a<span lang=\"EN-US\" style=\"mso-ansi-language: EN-US;\">n <\/span>innovative company<span style=\"mso-ansi-language: EN-US;\"> <span lang=\"EN-US\">specialized in<\/span><\/span> smart <span lang=\"EN-US\" style=\"mso-ansi-language: EN-US;\">home technologies <\/span>based in <i>Delaware City, Delware, USA<\/i> and international offices in <i>London, UK; Istanbul, Turkey; Sharjah, UAE; Riyadh, KSA and Cairo, Egypt<\/i>.<\/p><p>We are creative <i>Designers, Engineers, Specifiers, Creatives, Lighting Specialists, Environmentalists, Acousticians, Artists and Artisans<\/i><span style=\"mso-ansi-language: EN-US;\"> <span lang=\"EN-US\">who <\/span><\/span>create unique modules that not only provide traditional smart home technologies <span lang=\"EN-US\" style=\"mso-ansi-language: EN-US;\">capabilities <\/span>but<span lang=\"EN-US\" style=\"mso-ansi-language: EN-US;\"> also<\/span> we <b><i>automate<\/i><\/b> the smart home technology in the <span lang=\"EN-US\" style=\"mso-ansi-language: EN-US;\">house<\/span> to indulge customer mak<span lang=\"EN-US\" style=\"mso-ansi-language: EN-US;\">ing<\/span> his life more luxurious and comfortable catering to their needs in a comprehensive way by <span lang=\"EN-US\" style=\"mso-ansi-language: EN-US;\">integration of <\/span>hardware, software and special configurations.<\/p><p><span lang=\"EN-US\" style=\"mso-ansi-language: EN-US;\">Our <\/span>geographical presence in <span lang=\"EN-US\" style=\"mso-ansi-language: EN-US;\">4 continents<\/span> <span lang=\"EN-US\" style=\"mso-ansi-language: EN-US;\">helps us<\/span> hav<span lang=\"EN-US\" style=\"mso-ansi-language: EN-US;\">ing<\/span> a global reach and catering to customers in different regions, which allows <span lang=\"EN-US\" style=\"mso-ansi-language: EN-US;\">us<\/span> to understand and address diverse needs and preferences.<span style=\"font-size: 5.5pt;\"> <br \/><\/span><\/p><p>With <span lang=\"EN-US\" style=\"mso-ansi-language: EN-US;\">our <\/span>creative engineering approach, <span lang=\"EN-US\" style=\"mso-ansi-language: EN-US;\">we<\/span> design and develop cutting-edge solutions that go beyond traditional smart home technologies. This involve<span lang=\"EN-US\" style=\"mso-ansi-language: EN-US;\">s<\/span> advanced automation features, personalized settings, intelligent energy management, security systems, entertainment integration, and much more. We encourage everyone to elevate<br \/>their imagination to beautiful, exciting, technical and uniquely bespoke modules that take us to the future!<\/p><p>By combining these elements, we enhance the convenience and quality of life for <span lang=\"EN-US\" style=\"mso-ansi-language: EN-US;\">our <\/span>customers.<\/p><p>Our commitment to innovation and customer satisfaction is positioning <strong><em>\u201cNexia Technology\u201d<\/em><\/strong> as a leader in the smart home industry. Continuously exploring new technologies, staying up to date with market trends, and providing excellent customer support is contributing to our success in this competitive market.<\/p><p>We support every aspect of our specialism, along with market-leading quality and product expertise, we are exerting all the efforts to be the best all in one company and a trusted partner for your home.<\/p>\t\t\t\t\t\t<\/div>\n\t\t\t\t<\/div>\n\t\t\t\t<div class=\"elementor-element elementor-element-c88cf3b elementor-widget elementor-widget-text-editor\" data-id=\"c88cf3b\" data-element_type=\"widget\" data-widget_type=\"text-editor.default\">\n\t\t\t\t<div class=\"elementor-widget-container\">\n\t\t\t\t\t\t\t<h1><\/h1>\n<h1><strong><span style=\"font-size: 20.0pt; font-family: 'Calibri',sans-serif; mso-ascii-theme-font: minor-latin; mso-fareast-font-family: Calibri; mso-fareast-theme-font: minor-latin; mso-hansi-theme-font: minor-latin; mso-bidi-font-family: Arial; mso-bidi-theme-font: minor-bidi; mso-ansi-language: #0C00; mso-fareast-language: EN-US; mso-bidi-language: AR-SA;\">We make the extraordinary, We take you to the future!<\/span><\/strong><\/h1>\n&nbsp;\t\t\t\t\t\t<\/div>\n\t\t\t\t<\/div>\n\t\t\t\t\t<\/div>\n\t\t<\/div>\n\t\t\t\t\t<\/div>\n\t\t<\/div>\n\t\t\t\t<\/div>\n\t\t","protected":false},"excerpt":{"rendered":"<p>D\u00f3nde innovaci\u00f3n ideas pasi\u00f3n cumple con la tecnolog\u00eda&nbsp; &#8220;Nexia Technology es una empresa innovadora especializada en tecnolog\u00edas dom\u00e9sticas inteligentes con sede en la ciudad de Delaware (EE. UU. ) y oficinas internacionales en Londres (Reino Unido), Estambul [&hellip;]<\/p>\n","protected":false},"author":1,"featured_media":0,"parent":0,"menu_order":0,"comment_status":"closed","ping_status":"closed","template":"","meta":{"footnotes":""},"class_list":["post-15189","page","type-page","status-publish","hentry"],"jetpack_sharing_enabled":true,"_links":{"self":[{"href":"https:\/\/nexia.technology\/es\/wp-json\/wp\/v2\/pages\/15189","targetHints":{"allow":["GET"]}}],"collection":[{"href":"https:\/\/nexia.technology\/es\/wp-json\/wp\/v2\/pages"}],"about":[{"href":"https:\/\/nexia.technology\/es\/wp-json\/wp\/v2\/types\/page"}],"author":[{"embeddable":true,"href":"https:\/\/nexia.technology\/es\/wp-json\/wp\/v2\/users\/1"}],"replies":[{"embeddable":true,"href":"https:\/\/nexia.technology\/es\/wp-json\/wp\/v2\/comments?post=15189"}],"version-history":[{"count":1,"href":"https:\/\/nexia.technology\/es\/wp-json\/wp\/v2\/pages\/15189\/revisions"}],"predecessor-version":[{"id":15191,"href":"https:\/\/nexia.technology\/es\/wp-json\/wp\/v2\/pages\/15189\/revisions\/15191"}],"wp:attachment":[{"href":"https:\/\/nexia.technology\/es\/wp-json\/wp\/v2\/media?parent=15189"}],"curies":[{"name":"wp","href":"https:\/\/api.w.org\/{rel}","templated":true}]}}